{"id":813,"date":"2025-03-10T21:01:01","date_gmt":"2025-03-10T21:01:01","guid":{"rendered":"https:\/\/danceencorefitness.ca\/?page_id=813"},"modified":"2025-03-17T15:03:53","modified_gmt":"2025-03-17T15:03:53","slug":"emmafr","status":"publish","type":"page","link":"https:\/\/danceencorefitness.ca\/index.php\/emmafr\/","title":{"rendered":"Emma"},"content":{"rendered":"\n<div class=\"wp-block-cover is-light has-custom-content-position is-position-bottom-center\" style=\"min-height:398px;aspect-ratio:unset;\"><span aria-hidden=\"true\" class=\"wp-block-cover__background has-background-dim-0 has-background-dim\"><\/span><img loading=\"lazy\" decoding=\"async\" width=\"2560\" height=\"1707\" class=\"wp-block-cover__image-background wp-image-60\" alt=\"\" src=\"https:\/\/danceencorefitness.ca\/wp-content\/uploads\/2022\/02\/EHC2_AnneSophieHerouxPhotography-scaled.jpg\" style=\"object-position:52% 37%\" data-object-fit=\"cover\" data-object-position=\"52% 37%\" srcset=\"https:\/\/danceencorefitness.ca\/wp-content\/uploads\/2022\/02\/EHC2_AnneSophieHerouxPhotography-scaled.jpg 2560w, https:\/\/danceencorefitness.ca\/wp-content\/uploads\/2022\/02\/EHC2_AnneSophieHerouxPhotography-300x200.jpg 300w, https:\/\/danceencorefitness.ca\/wp-content\/uploads\/2022\/02\/EHC2_AnneSophieHerouxPhotography-1024x683.jpg 1024w, https:\/\/danceencorefitness.ca\/wp-content\/uploads\/2022\/02\/EHC2_AnneSophieHerouxPhotography-768x512.jpg 768w, https:\/\/danceencorefitness.ca\/wp-content\/uploads\/2022\/02\/EHC2_AnneSophieHerouxPhotography-1536x1024.jpg 1536w, https:\/\/danceencorefitness.ca\/wp-content\/uploads\/2022\/02\/EHC2_AnneSophieHerouxPhotography-2048x1365.jpg 2048w, https:\/\/danceencorefitness.ca\/wp-content\/uploads\/2022\/02\/EHC2_AnneSophieHerouxPhotography-1568x1045.jpg 1568w\" sizes=\"auto, (max-width: 2560px) 100vw, 2560px\" \/><div class=\"wp-block-cover__inner-container is-layout-flow wp-block-cover-is-layout-flow\">\n<p class=\"has-text-align-center has-white-color has-text-color\" style=\"font-size:clamp(31.152px, 1.947rem + ((1vw - 3.2px) * 2.484), 55px);font-style:normal;font-weight:300\"><\/p>\n<\/div><\/div>\n\n\n\n<h3 class=\"wp-block-heading\" id=\"block-666292da-fbca-419f-88c0-b6e25d8c73a4\"><em>Elle\/la\/lui; English\/Fran\u00e7ais<\/em><\/h3>\n\n\n\n<div class=\"wp-block-buttons is-layout-flex wp-block-buttons-is-layout-flex\">\n<div class=\"wp-block-button has-custom-width wp-block-button__width-100 has-custom-font-size has-medium-font-size\"><a class=\"wp-block-button__link has-contrast-color has-text-color has-background has-link-color wp-element-button\" href=\"https:\/\/danceencorefitness.ca\/index.php\/about\/emma\/\" style=\"background:linear-gradient(10deg,rgb(228,209,209) 0%,rgb(209,209,228) 100%)\">Click Here For English<\/a><\/div>\n<\/div>\n\n\n\n<div class=\"wp-block-group is-layout-flow wp-block-group-is-layout-flow\">\n<p style=\"font-style:normal;font-weight:300\">Emma est candidate au doctorat au D\u00e9partement de sant\u00e9, kin\u00e9siologie et physiologie appliqu\u00e9e de l&#8217;Universit\u00e9 Concordia. Une ancienne danseuse, elle s&#8217;int\u00e9resse \u00e0 la mani\u00e8re dont les cours de danse virtuelles peuvent \u00eatre utilis\u00e9s comme un moyen accessible pour am\u00e9liorer la condition physique des adultes \u00e2g\u00e9s.<\/p>\n\n\n\n<p style=\"font-style:normal;font-weight:200\">Elle a compl\u00e9t\u00e9 sa formation en danse dans sa ville natale de Kingston, Ontario, et \u00e0 New York (Ailey School Professional Summer Intensive), o\u00f9 elle a \u00e9tudi\u00e9 divers styles, dont le ballet, la danse moderne (Dunham, Graham, Horton et Lim\u00f3n) et la danse sportive latine de style international. Depuis 2015, elle enseigne la danse \u00e0 un large \u00e9ventail d&#8217;\u00e2ges (de 4 \u00e0 95 ans).<\/p>\n\n\n\n<p style=\"font-style:normal;font-weight:200\">En 2020, elle a commenc\u00e9 \u00e0 faire des recherches sur les bienfaits de la danse pour les adultes \u00e2g\u00e9s. Elle a pr\u00e9sent\u00e9 ses r\u00e9sultats de recherche lors de diverses conf\u00e9rences (Montr\u00e9al, New York, Taipei et Fukuoka). Elle a re\u00e7u plusieurs prix, dont la bourse Ed Whitlock et des bourses des prestigieux Fonds de Recherche du Qu\u00e9bec &#8211; Sant\u00e9 et de l&#8217;Institut canadien de recherche en sant\u00e9.<\/p>\n\n\n\n<p style=\"font-style:normal;font-weight:300\">En dehors de l&#8217;\u00e9cole, Emma continue d&#8217;enseigner des cours de danse et suit constamment des formations pour apprendre de nouvelles approches en danse et en p\u00e9dagogie.<\/p>\n<\/div>\n\n\n\n<div class=\"wp-block-columns is-layout-flex wp-container-core-columns-is-layout-28f84493 wp-block-columns-is-layout-flex\">\n<div class=\"wp-block-column is-layout-flow wp-block-column-is-layout-flow\" style=\"flex-basis:100%\">\n<div class=\"wp-block-group is-layout-flow wp-block-group-is-layout-flow\">\n<div class=\"wp-block-columns is-style-twentytwentyone-columns-overlap has-background is-layout-flex wp-container-core-columns-is-layout-28f84493 wp-block-columns-is-layout-flex\" style=\"background:linear-gradient(49deg,#E4D1D1 0%,#EEEADD 100%)\">\n<div class=\"wp-block-column is-layout-flow wp-block-column-is-layout-flow\">\n<figure class=\"wp-block-gallery has-nested-images columns-2 is-cropped wp-block-gallery-1 is-layout-flex wp-block-gallery-is-layout-flex\">\n<figure class=\"wp-block-image size-large has-custom-border\"><img loading=\"lazy\" decoding=\"async\" width=\"731\" height=\"1024\" data-id=\"64\" src=\"https:\/\/danceencorefitness.ca\/wp-content\/uploads\/2022\/02\/EHC5_AnneSophieHeroux-731x1024.jpg\" alt=\"\" class=\"wp-image-64\" style=\"border-style:none;border-width:0px;border-radius:0px\" srcset=\"https:\/\/danceencorefitness.ca\/wp-content\/uploads\/2022\/02\/EHC5_AnneSophieHeroux-731x1024.jpg 731w, https:\/\/danceencorefitness.ca\/wp-content\/uploads\/2022\/02\/EHC5_AnneSophieHeroux-214x300.jpg 214w, https:\/\/danceencorefitness.ca\/wp-content\/uploads\/2022\/02\/EHC5_AnneSophieHeroux-768x1075.jpg 768w, https:\/\/danceencorefitness.ca\/wp-content\/uploads\/2022\/02\/EHC5_AnneSophieHeroux-1097x1536.jpg 1097w, https:\/\/danceencorefitness.ca\/wp-content\/uploads\/2022\/02\/EHC5_AnneSophieHeroux-1463x2048.jpg 1463w, https:\/\/danceencorefitness.ca\/wp-content\/uploads\/2022\/02\/EHC5_AnneSophieHeroux-1568x2195.jpg 1568w, https:\/\/danceencorefitness.ca\/wp-content\/uploads\/2022\/02\/EHC5_AnneSophieHeroux-scaled.jpg 1828w\" sizes=\"auto, (max-width: 731px) 100vw, 731px\" \/><\/figure>\n<\/figure>\n<\/div>\n\n\n\n<div class=\"wp-block-column has-medium-font-size is-layout-flow wp-block-column-is-layout-flow\">\n<p class=\"has-text-align-center has-dark-gray-color has-base-background-color has-text-color has-background has-system-serif-font-family has-medium-font-size\" style=\"font-style:italic;font-weight:100\">Emma a obtenu un baccalaur\u00e9at en sciences de l&#8217;exercice et psychologie, ainsi qu&#8217;une ma\u00eetrise en sciences de la sant\u00e9 et de l&#8217;exercice de l&#8217;Universit\u00e9 Concordia. Elle est instructrice certifi\u00e9e de fitness en groupe (CanfitPro), instructrice de barre fitness (American Barre Technique) et instructrice certifi\u00e9e de la m\u00e9thode Progressing Ballet Technique.<\/p>\n<\/div>\n<\/div>\n<\/div>\n<\/div>\n<\/div>\n\n\n\n<div class=\"wp-block-buttons is-layout-flex wp-block-buttons-is-layout-flex\">\n<div class=\"wp-block-button has-custom-width wp-block-button__width-50\"><a class=\"wp-block-button__link wp-element-button\" href=\"https:\/\/danceencorefitness.ca\/index.php\/research\/publications\/\">Publications<\/a><\/div>\n\n\n\n<div class=\"wp-block-button has-custom-width wp-block-button__width-50\"><a class=\"wp-block-button__link wp-element-button\" href=\"mailto:emma@danceencorefitness.ca\">Contacter<\/a><\/div>\n<\/div>\n\n\n\n<p><\/p>\n","protected":false},"excerpt":{"rendered":"<p>Elle\/la\/lui; English\/Fran\u00e7ais Emma est candidate au doctorat au D\u00e9partement de sant\u00e9, kin\u00e9siologie et physiologie appliqu\u00e9e de l&#8217;Universit\u00e9 Concordia. Une ancienne danseuse, elle s&#8217;int\u00e9resse \u00e0 la mani\u00e8re dont les cours de danse virtuelles peuvent \u00eatre utilis\u00e9s comme un moyen accessible pour am\u00e9liorer la condition physique des adultes \u00e2g\u00e9s. Elle a compl\u00e9t\u00e9 sa formation en danse dans [&hellip;]<\/p>\n","protected":false},"author":1,"featured_media":0,"parent":0,"menu_order":0,"comment_status":"closed","ping_status":"closed","template":"","meta":{"footnotes":""},"class_list":["post-813","page","type-page","status-publish","hentry"],"_links":{"self":[{"href":"https:\/\/danceencorefitness.ca\/index.php\/wp-json\/wp\/v2\/pages\/813","targetHints":{"allow":["GET"]}}],"collection":[{"href":"https:\/\/danceencorefitness.ca\/index.php\/wp-json\/wp\/v2\/pages"}],"about":[{"href":"https:\/\/danceencorefitness.ca\/index.php\/wp-json\/wp\/v2\/types\/page"}],"author":[{"embeddable":true,"href":"https:\/\/danceencorefitness.ca\/index.php\/wp-json\/wp\/v2\/users\/1"}],"replies":[{"embeddable":true,"href":"https:\/\/danceencorefitness.ca\/index.php\/wp-json\/wp\/v2\/comments?post=813"}],"version-history":[{"count":2,"href":"https:\/\/danceencorefitness.ca\/index.php\/wp-json\/wp\/v2\/pages\/813\/revisions"}],"predecessor-version":[{"id":830,"href":"https:\/\/danceencorefitness.ca\/index.php\/wp-json\/wp\/v2\/pages\/813\/revisions\/830"}],"wp:attachment":[{"href":"https:\/\/danceencorefitness.ca\/index.php\/wp-json\/wp\/v2\/media?parent=813"}],"curies":[{"name":"wp","href":"https:\/\/api.w.org\/{rel}","templated":true}]}}